{"id":93,"date":"2022-02-06T09:10:00","date_gmt":"2022-02-06T09:10:00","guid":{"rendered":"https:\/\/rancho.cabirita.com\/contact\/"},"modified":"2026-02-09T03:37:53","modified_gmt":"2026-02-09T03:37:53","slug":"contact","status":"publish","type":"page","link":"https:\/\/rancho.cabirita.com\/es\/contact\/","title":{"rendered":"Contato"},"content":{"rendered":"<div data-elementor-type=\"wp-page\" data-elementor-id=\"93\" class=\"elementor elementor-93\" data-elementor-post-type=\"page\">\n\t\t\t\t<div class=\"aux-parallax-section elementor-element elementor-element-fd144fb e-flex e-con-boxed e-con e-parent\" data-particle_enable=\"false\" data-particle-mobile-disabled=\"false\" data-id=\"fd144fb\" data-element_type=\"container\" data-e-type=\"container\">\n\t\t\t\t\t<div class=\"e-con-inner\">\n\t\t<div data-particle_enable=\"false\" data-particle-mobile-disabled=\"false\" class=\"elementor-element elementor-element-c77d510 e-con-full e-flex e-con e-child\" data-id=\"c77d510\" data-element_type=\"container\" data-e-type=\"container\">\n\t\t\t\t<div class=\"elementor-element elementor-element-3fa4e20 aux-appear-watch-animation aux-fade-in-right elementor-widget elementor-widget-aux_modern_heading\" data-id=\"3fa4e20\" data-element_type=\"widget\" data-e-type=\"widget\" data-widget_type=\"aux_modern_heading.default\">\n\t\t\t\t<div class=\"elementor-widget-container\">\n\t\t\t\t\t<section class=\"aux-widget-modern-heading\">\n            <div class=\"aux-widget-inner\"><h4 class=\"aux-modern-heading-primary\">Direcione seu Desejo<\/h4><div class=\"aux-modern-heading-description\"><p data-path-to-node=\"3\">A <b data-path-to-node=\"3\" data-index-in-node=\"2\">Favorita<\/b> n\u00e3o \u00e9 para todos; \u00e9 para quem decide. Escolha o caminho para sua pr\u00f3xima experi\u00eancia:<\/p><ul data-path-to-node=\"4\"><li><p data-path-to-node=\"4,0,0\"><b data-path-to-node=\"4,0,0\" data-index-in-node=\"0\">Posse Imediata:<\/b> Se voc\u00ea ignora a espera e exige o agora, restam poucas unidades prontas para despacho imediato. Fale com nosso concierge e assegure o que \u00e9 seu.<\/p><\/li><li><p data-path-to-node=\"4,1,0\"><b data-path-to-node=\"4,1,0\" data-index-in-node=\"0\">Curadoria e Presen\u00e7a:<\/b> Para estabelecimentos e eventos que n\u00e3o aceitam o comum. Estruture conosco uma presen\u00e7a de marca que se torna o centro das aten\u00e7\u00f5es.<\/p><\/li><li><p data-path-to-node=\"4,2,0\"><b data-path-to-node=\"4,2,0\" data-index-in-node=\"0\">Rastreio de Ritual:<\/b> Se sua pe\u00e7a j\u00e1 est\u00e1 a caminho, o trajeto \u00e9 o prel\u00fadio. Insira seu c\u00f3digo e acompanhe a chegada da sua nova companheira de rituais.<\/p><\/li><\/ul><p data-path-to-node=\"5\"><b data-path-to-node=\"5\" data-index-in-node=\"0\">O comum espera. O extraordin\u00e1rio acontece aqui.<\/b><\/p><\/div><\/div>\n        <\/section>\t\t\t\t<\/div>\n\t\t\t\t<\/div>\n\t\t\t\t<div class=\"elementor-element elementor-element-e01a3c3 aux-appear-watch-animation aux-fade-in-right elementor-widget elementor-widget-aux_icon_list\" data-id=\"e01a3c3\" data-element_type=\"widget\" data-e-type=\"widget\" data-widget_type=\"aux_icon_list.default\">\n\t\t\t\t<div class=\"elementor-widget-container\">\n\t\t\t\t\t<section class=\"widget-container aux-widget-icon-list aux-parent-au6a2009ad\"><div class=\"widget-inner\"><div class=\"aux-widget-icon-list-inner\"><ul class=\"aux-icon-list-items aux-direction-horizontal\"><li class=\"aux-icon-list-item aux-list-item-has-icon aux-icon-list-item-2714445 elementor-repeater-item-2714445\"><a class=\"aux-icon-list-link\" href=\"https:\/\/www.facebook.com\/cabirita\"><i aria-hidden=\"true\" class=\"aux-icon-list-icon auxicon auxicon-facebook\"><\/i><\/a><\/li><li class=\"aux-icon-list-item aux-list-item-has-icon aux-icon-list-item-c479077 elementor-repeater-item-c479077\"><a class=\"aux-icon-list-link\" href=\"https:\/\/www.instagram.com\/cabirita\/\"><i aria-hidden=\"true\" class=\"aux-icon-list-icon fab fa-instagram\"><\/i><\/a><\/li><li class=\"aux-icon-list-item aux-list-item-has-icon aux-icon-list-item-c516804 elementor-repeater-item-c516804\"><a class=\"aux-icon-list-link\" href=\"#\"><i aria-hidden=\"true\" class=\"aux-icon-list-icon fab fa-telegram-plane\"><\/i><\/a><\/li><\/ul><\/div><\/div><\/section><!-- widget-container -->\t\t\t\t<\/div>\n\t\t\t\t<\/div>\n\t\t\t\t<\/div>\n\t\t<div data-particle_enable=\"false\" data-particle-mobile-disabled=\"false\" class=\"elementor-element elementor-element-2e1293e e-con-full e-flex e-con e-child\" data-id=\"2e1293e\" data-element_type=\"container\" data-e-type=\"container\">\n\t\t\t\t<div class=\"elementor-element elementor-element-8d1d7c8 aux-appear-watch-animation aux-fade-in-up elementor-widget elementor-widget-aux_contact_form\" data-id=\"8d1d7c8\" data-element_type=\"widget\" data-e-type=\"widget\" data-widget_type=\"aux_contact_form.default\">\n\t\t\t\t<div class=\"elementor-widget-container\">\n\t\t\t\t\t<section class=\"widget-container aux-widget-contact-form aux-parent-au085e8e3d\">            <div class=\"aux-col-wrapper aux-no-gutter\">\n            <!-- @TODO - The output for element here -->\n\n            \n<div class=\"wpcf7 no-js\" id=\"wpcf7-f104-o1\" lang=\"en-US\" dir=\"ltr\" data-wpcf7-id=\"104\">\n<div class=\"screen-reader-response\"><p role=\"status\" aria-live=\"polite\" aria-atomic=\"true\"><\/p> <ul><\/ul><\/div>\n<form action=\"\/es\/wp-json\/wp\/v2\/pages\/93#wpcf7-f104-o1\" method=\"post\" class=\"wpcf7-form init\" aria-label=\"Contact form\" novalidate=\"novalidate\" data-status=\"init\" data-trp-original-action=\"\/es\/wp-json\/wp\/v2\/pages\/93#wpcf7-f104-o1\">\n<fieldset class=\"hidden-fields-container\"><input type=\"hidden\" name=\"_wpcf7\" value=\"104\" \/><input type=\"hidden\" name=\"_wpcf7_version\" value=\"6.1.5\" \/><input type=\"hidden\" name=\"_wpcf7_locale\" value=\"en_US\" \/><input type=\"hidden\" name=\"_wpcf7_unit_tag\" value=\"wpcf7-f104-o1\" \/><input type=\"hidden\" name=\"_wpcf7_container_post\" value=\"0\" \/><input type=\"hidden\" name=\"_wpcf7_posted_data_hash\" value=\"\" \/><input type=\"hidden\" name=\"_uacf7_hidden_conditional_fields\" value=\"\" \/><input type=\"hidden\" name=\"_uacf7_repeaters\" value=\"\" \/><input type=\"hidden\" name=\"_uacf7_options\" value=\"\" \/>\n<\/fieldset>\n<div class=\"uacf7-form-wrapper-container uacf7-form-104\"><label> Seu nome\n    <span class=\"wpcf7-form-control-wrap\" data-name=\"your-name\"><input size=\"40\" maxlength=\"400\" class=\"wpcf7-form-control wpcf7-text wpcf7-validates-as-required\" autocomplete=\"name\" aria-required=\"true\" aria-invalid=\"false\" value=\"\" type=\"text\" name=\"your-name\" \/><\/span> <\/label>\n\n<label> Seu e-mail\n    <span class=\"wpcf7-form-control-wrap\" data-name=\"your-email\"><input size=\"40\" maxlength=\"400\" class=\"wpcf7-form-control wpcf7-email wpcf7-validates-as-required wpcf7-text wpcf7-validates-as-email\" autocomplete=\"email\" aria-required=\"true\" aria-invalid=\"false\" value=\"\" type=\"email\" name=\"your-email\" \/><\/span> <\/label>\n\n<label> Assunto\n    <span class=\"wpcf7-form-control-wrap\" data-name=\"your-subject\"><input size=\"40\" maxlength=\"400\" class=\"wpcf7-form-control wpcf7-text wpcf7-validates-as-required\" aria-required=\"true\" aria-invalid=\"false\" value=\"\" type=\"text\" name=\"your-subject\" \/><\/span> <\/label>\n\n<label> Sua mensagem (opcional)\n    <span class=\"wpcf7-form-control-wrap\" data-name=\"your-message\"><textarea cols=\"40\" rows=\"10\" maxlength=\"2000\" class=\"wpcf7-form-control wpcf7-textarea\" aria-invalid=\"false\" name=\"your-message\"><\/textarea><\/span> <\/label>\n\n<input class=\"wpcf7-form-control wpcf7-submit has-spinner\" type=\"submit\" value=\"Enviar\" \/><\/div><div class=\"wpcf7-response-output\" aria-hidden=\"true\"><\/div>\n<input type=\"hidden\" name=\"trp-form-language\" value=\"es\"\/><\/form>\n<\/div>\n\n\n            <\/div><!-- aux-col-wrapper -->\n    <\/section><!-- widget-container -->\t\t\t\t<\/div>\n\t\t\t\t<\/div>\n\t\t\t\t<\/div>\n\t\t\t\t\t<\/div>\n\t\t\t\t<\/div>\n\t\t<div class=\"aux-parallax-section elementor-element elementor-element-047df74 e-flex e-con-boxed e-con e-parent\" data-particle_enable=\"false\" data-particle-mobile-disabled=\"false\" data-id=\"047df74\" data-element_type=\"container\" data-e-type=\"container\">\n\t\t\t\t\t<div class=\"e-con-inner\">\n\t\t<div data-particle_enable=\"false\" data-particle-mobile-disabled=\"false\" class=\"elementor-element elementor-element-9dbf922 e-con-full e-flex e-con e-child\" data-id=\"9dbf922\" data-element_type=\"container\" data-e-type=\"container\">\n\t\t\t\t<div class=\"elementor-element elementor-element-2069e77 aux-appear-watch-animation aux-fade-in-up elementor-widget__width-auto elementor-widget elementor-widget-aux_modern_heading\" data-id=\"2069e77\" data-element_type=\"widget\" data-e-type=\"widget\" data-widget_type=\"aux_modern_heading.default\">\n\t\t\t\t<div class=\"elementor-widget-container\">\n\t\t\t\t\t<section class=\"aux-widget-modern-heading\">\n            <div class=\"aux-widget-inner\"><h2 class=\"aux-modern-heading-primary\">endere\u00e7o<\/h2><a href=\"#\" class=\"aux-modern-heading-secondary-link\"><h4 class=\"aux-modern-heading-secondary\"><span class=\"aux-head-before\">SCRN 716, bloco B <\/span><span class=\"aux-head-after\">sala 401<\/br>Asa Norte, Bras\u00edlia-DF<\/span><\/h4><\/a><\/div>\n        <\/section>\t\t\t\t<\/div>\n\t\t\t\t<\/div>\n\t\t\t\t<div class=\"elementor-element elementor-element-ebffeaa elementor-hidden-phone aux-appear-watch-animation aux-fade-in-up elementor-widget-divider--view-line elementor-widget elementor-widget-divider\" data-id=\"ebffeaa\" data-element_type=\"widget\" data-e-type=\"widget\" data-widget_type=\"divider.default\">\n\t\t\t\t<div class=\"elementor-widget-container\">\n\t\t\t\t\t\t\t<div class=\"elementor-divider\">\n\t\t\t<span class=\"elementor-divider-separator\">\n\t\t\t\t\t\t<\/span>\n\t\t<\/div>\n\t\t\t\t\t\t<\/div>\n\t\t\t\t<\/div>\n\t\t\t\t<\/div>\n\t\t<div data-particle_enable=\"false\" data-particle-mobile-disabled=\"false\" class=\"elementor-element elementor-element-4c2b110 e-con-full e-flex e-con e-child\" data-id=\"4c2b110\" data-element_type=\"container\" data-e-type=\"container\">\n\t\t\t\t<div class=\"elementor-element elementor-element-ceebe4d aux-appear-watch-animation aux-fade-in-up elementor-widget__width-auto elementor-widget elementor-widget-aux_modern_heading\" data-id=\"ceebe4d\" data-element_type=\"widget\" data-e-type=\"widget\" data-widget_type=\"aux_modern_heading.default\">\n\t\t\t\t<div class=\"elementor-widget-container\">\n\t\t\t\t\t<section class=\"aux-widget-modern-heading\">\n            <div class=\"aux-widget-inner\"><h2 class=\"aux-modern-heading-primary\">Fone<\/h2><a href=\"#\" class=\"aux-modern-heading-secondary-link\"><h4 class=\"aux-modern-heading-secondary\"><span class=\"aux-head-before\">(61) 9.9939-9033<\/br>(61) 9.9939-9033<\/span><\/h4><\/a><\/div>\n        <\/section>\t\t\t\t<\/div>\n\t\t\t\t<\/div>\n\t\t\t\t<div class=\"elementor-element elementor-element-80d19e0 elementor-hidden-tablet elementor-hidden-phone aux-appear-watch-animation aux-fade-in-up elementor-widget-divider--view-line elementor-widget elementor-widget-divider\" data-id=\"80d19e0\" data-element_type=\"widget\" data-e-type=\"widget\" data-widget_type=\"divider.default\">\n\t\t\t\t<div class=\"elementor-widget-container\">\n\t\t\t\t\t\t\t<div class=\"elementor-divider\">\n\t\t\t<span class=\"elementor-divider-separator\">\n\t\t\t\t\t\t<\/span>\n\t\t<\/div>\n\t\t\t\t\t\t<\/div>\n\t\t\t\t<\/div>\n\t\t\t\t<\/div>\n\t\t<div data-particle_enable=\"false\" data-particle-mobile-disabled=\"false\" class=\"elementor-element elementor-element-327772f e-con-full e-flex e-con e-child\" data-id=\"327772f\" data-element_type=\"container\" data-e-type=\"container\">\n\t\t\t\t<div class=\"elementor-element elementor-element-effd36b aux-appear-watch-animation aux-fade-in-up elementor-widget__width-auto elementor-widget elementor-widget-aux_modern_heading\" data-id=\"effd36b\" data-element_type=\"widget\" data-e-type=\"widget\" data-widget_type=\"aux_modern_heading.default\">\n\t\t\t\t<div class=\"elementor-widget-container\">\n\t\t\t\t\t<section class=\"aux-widget-modern-heading\">\n            <div class=\"aux-widget-inner\"><h2 class=\"aux-modern-heading-primary\">E-mail<\/h2><a href=\"#\" class=\"aux-modern-heading-secondary-link\"><h4 class=\"aux-modern-heading-secondary\"><span class=\"aux-head-before\">acabirita@gmail.com<\/br> contato@rancho.cabirita.com<\/span><\/h4><\/a><\/div>\n        <\/section>\t\t\t\t<\/div>\n\t\t\t\t<\/div>\n\t\t\t\t<div class=\"elementor-element elementor-element-75a18f5 elementor-hidden-phone aux-appear-watch-animation aux-fade-in-up elementor-widget-divider--view-line elementor-widget elementor-widget-divider\" data-id=\"75a18f5\" data-element_type=\"widget\" data-e-type=\"widget\" data-widget_type=\"divider.default\">\n\t\t\t\t<div class=\"elementor-widget-container\">\n\t\t\t\t\t\t\t<div class=\"elementor-divider\">\n\t\t\t<span class=\"elementor-divider-separator\">\n\t\t\t\t\t\t<\/span>\n\t\t<\/div>\n\t\t\t\t\t\t<\/div>\n\t\t\t\t<\/div>\n\t\t\t\t<\/div>\n\t\t<div data-particle_enable=\"false\" data-particle-mobile-disabled=\"false\" class=\"elementor-element elementor-element-4744d5b e-con-full e-flex e-con e-child\" data-id=\"4744d5b\" data-element_type=\"container\" data-e-type=\"container\">\n\t\t\t\t<div class=\"elementor-element elementor-element-c89bbff aux-appear-watch-animation aux-fade-in-up elementor-widget elementor-widget-aux_modern_heading\" data-id=\"c89bbff\" data-element_type=\"widget\" data-e-type=\"widget\" data-widget_type=\"aux_modern_heading.default\">\n\t\t\t\t<div class=\"elementor-widget-container\">\n\t\t\t\t\t<section class=\"aux-widget-modern-heading\">\n            <div class=\"aux-widget-inner\"><h4 class=\"aux-modern-heading-primary\">Hor\u00e1rios<\/h4><div class=\"aux-modern-heading-description\"><table><tbody><tr><td>Diariamente:<\/td><td>08:00 - 18:00<\/td><\/tr><tr><td>Feriados:<\/td><td>12:00 - 18:00<\/td><\/tr><\/tbody><\/table><\/div><\/div>\n        <\/section>\t\t\t\t<\/div>\n\t\t\t\t<\/div>\n\t\t\t\t<\/div>\n\t\t\t\t\t<\/div>\n\t\t\t\t<\/div>\n\t\t<div class=\"aux-parallax-section elementor-element elementor-element-5989a3a e-con-full e-flex e-con e-parent\" data-particle_enable=\"false\" data-particle-mobile-disabled=\"false\" data-id=\"5989a3a\" data-element_type=\"container\" data-e-type=\"container\">\n\t\t<div data-particle_enable=\"false\" data-particle-mobile-disabled=\"false\" class=\"elementor-element elementor-element-0a54633 e-con-full e-flex e-con e-child\" data-id=\"0a54633\" data-element_type=\"container\" data-e-type=\"container\">\n\t\t\t\t<div class=\"elementor-element elementor-element-f4ad414 aux-appear-watch-animation aux-fade-in-up elementor-widget elementor-widget-aux_gmap\" data-id=\"f4ad414\" data-element_type=\"widget\" data-e-type=\"widget\" data-widget_type=\"aux_gmap.default\">\n\t\t\t\t<div class=\"elementor-widget-container\">\n\t\t\t\t\t            <div class=\"elementor-alert elementor-alert-danger\" role=\"alert\">\n                <span class=\"elementor-alert-title\">\n                    Google Maps API Key Is Missing.                <\/span>\n                <span class=\"elementor-alert-description\">\n                    In order to use google maps on your website, you have to create an api key and insert it in customizer &quot;Google Maps API Key&quot; field.                <\/span>\n            <\/div>\n        \t\t\t\t<\/div>\n\t\t\t\t<\/div>\n\t\t\t\t<\/div>\n\t\t\t\t<\/div>\n\t\t\t\t<\/div>","protected":false},"excerpt":{"rendered":"<p>Direcione seu Desejo A Favorita n\u00e3o \u00e9 para todos; \u00e9 para quem decide. Escolha o caminho para sua pr\u00f3xima experi\u00eancia: Posse Imediata: Se voc\u00ea ignora a espera e exige o agora, restam poucas unidades prontas para despacho imediato. Fale com nosso concierge e assegure o que \u00e9 seu. Curadoria e Presen\u00e7a: Para estabelecimentos e eventos [&hellip;]<\/p>","protected":false},"author":1,"featured_media":0,"parent":0,"menu_order":0,"comment_status":"closed","ping_status":"closed","template":"templates\/page-builder-content.php","meta":{"footnotes":""},"class_list":["post-93","page","type-page","status-publish","hentry"],"_hostinger_reach_plugin_has_subscription_block":false,"_hostinger_reach_plugin_is_elementor":false,"_links":{"self":[{"href":"https:\/\/rancho.cabirita.com\/es\/wp-json\/wp\/v2\/pages\/93","targetHints":{"allow":["GET"]}}],"collection":[{"href":"https:\/\/rancho.cabirita.com\/es\/wp-json\/wp\/v2\/pages"}],"about":[{"href":"https:\/\/rancho.cabirita.com\/es\/wp-json\/wp\/v2\/types\/page"}],"author":[{"embeddable":true,"href":"https:\/\/rancho.cabirita.com\/es\/wp-json\/wp\/v2\/users\/1"}],"replies":[{"embeddable":true,"href":"https:\/\/rancho.cabirita.com\/es\/wp-json\/wp\/v2\/comments?post=93"}],"version-history":[{"count":19,"href":"https:\/\/rancho.cabirita.com\/es\/wp-json\/wp\/v2\/pages\/93\/revisions"}],"predecessor-version":[{"id":627,"href":"https:\/\/rancho.cabirita.com\/es\/wp-json\/wp\/v2\/pages\/93\/revisions\/627"}],"wp:attachment":[{"href":"https:\/\/rancho.cabirita.com\/es\/wp-json\/wp\/v2\/media?parent=93"}],"curies":[{"name":"wp","href":"https:\/\/api.w.org\/{rel}","templated":true}]}}